{"id":127,"date":"2025-07-06T09:26:33","date_gmt":"2025-07-06T09:26:33","guid":{"rendered":"https:\/\/hoof-care-kiel.de\/?page_id=127"},"modified":"2025-09-16T05:23:10","modified_gmt":"2025-09-16T05:23:10","slug":"hufschutz","status":"publish","type":"page","link":"https:\/\/hoof-care-kiel.de\/?page_id=127","title":{"rendered":"Hufschutz"},"content":{"rendered":"\n<p>Permanenter Hufschutz durch die Anbringung von Goodsmith Klebebeschl\u00e4gen. Aus meiner Erfahrung [ Bericht bei Instagram ], h\u00e4lt eine Goodsmith Grundplatte auch bei starker Beanspruchung 6 bis 7 Wochen.<\/p>\n\n\n\n<figure class=\"wp-block-gallery has-nested-images columns-default is-cropped wp-block-gallery-1 is-layout-flex wp-block-gallery-is-layout-flex\">\n<figure class=\"wp-block-image size-large\"><img loading=\"lazy\" decoding=\"async\" width=\"1024\" height=\"768\" data-id=\"129\" src=\"https:\/\/hoof-care-kiel.de\/wp-content\/uploads\/2025\/07\/Good-Smith_02.jpg\" alt=\"\" class=\"wp-image-129\" srcset=\"https:\/\/hoof-care-kiel.de\/wp-content\/uploads\/2025\/07\/Good-Smith_02.jpg 1024w, https:\/\/hoof-care-kiel.de\/wp-content\/uploads\/2025\/07\/Good-Smith_02-300x225.jpg 300w, https:\/\/hoof-care-kiel.de\/wp-content\/uploads\/2025\/07\/Good-Smith_02-768x576.jpg 768w\" sizes=\"auto, (max-width: 1024px) 100vw, 1024px\" \/><\/figure>\n\n\n\n<figure class=\"wp-block-image size-large\"><img loading=\"lazy\" decoding=\"async\" width=\"1024\" height=\"768\" data-id=\"130\" src=\"https:\/\/hoof-care-kiel.de\/wp-content\/uploads\/2025\/07\/Good-Smith_07.jpg\" alt=\"\" class=\"wp-image-130\" srcset=\"https:\/\/hoof-care-kiel.de\/wp-content\/uploads\/2025\/07\/Good-Smith_07.jpg 1024w, https:\/\/hoof-care-kiel.de\/wp-content\/uploads\/2025\/07\/Good-Smith_07-300x225.jpg 300w, https:\/\/hoof-care-kiel.de\/wp-content\/uploads\/2025\/07\/Good-Smith_07-768x576.jpg 768w\" sizes=\"auto, (max-width: 1024px) 100vw, 1024px\" \/><\/figure>\n\n\n\n<figure class=\"wp-block-image size-large\"><img loading=\"lazy\" decoding=\"async\" width=\"1024\" height=\"768\" data-id=\"128\" src=\"https:\/\/hoof-care-kiel.de\/wp-content\/uploads\/2025\/07\/Good-Smith_08.jpg\" alt=\"\" class=\"wp-image-128\" srcset=\"https:\/\/hoof-care-kiel.de\/wp-content\/uploads\/2025\/07\/Good-Smith_08.jpg 1024w, https:\/\/hoof-care-kiel.de\/wp-content\/uploads\/2025\/07\/Good-Smith_08-300x225.jpg 300w, https:\/\/hoof-care-kiel.de\/wp-content\/uploads\/2025\/07\/Good-Smith_08-768x576.jpg 768w\" sizes=\"auto, (max-width: 1024px) 100vw, 1024px\" \/><\/figure>\n\n\n\n<figure class=\"wp-block-image size-large\"><img loading=\"lazy\" decoding=\"async\" width=\"768\" height=\"1024\" data-id=\"131\" src=\"https:\/\/hoof-care-kiel.de\/wp-content\/uploads\/2025\/07\/Good-Smith_10.jpg\" alt=\"\" class=\"wp-image-131\" srcset=\"https:\/\/hoof-care-kiel.de\/wp-content\/uploads\/2025\/07\/Good-Smith_10.jpg 768w, https:\/\/hoof-care-kiel.de\/wp-content\/uploads\/2025\/07\/Good-Smith_10-225x300.jpg 225w\" sizes=\"auto, (max-width: 768px) 100vw, 768px\" \/><\/figure>\n\n\n\n<figure class=\"wp-block-image size-large\"><img loading=\"lazy\" decoding=\"async\" width=\"768\" height=\"1024\" data-id=\"133\" src=\"https:\/\/hoof-care-kiel.de\/wp-content\/uploads\/2025\/07\/Good-Smith_12.jpg\" alt=\"\" class=\"wp-image-133\" srcset=\"https:\/\/hoof-care-kiel.de\/wp-content\/uploads\/2025\/07\/Good-Smith_12.jpg 768w, https:\/\/hoof-care-kiel.de\/wp-content\/uploads\/2025\/07\/Good-Smith_12-225x300.jpg 225w\" sizes=\"auto, (max-width: 768px) 100vw, 768px\" \/><\/figure>\n\n\n\n<figure class=\"wp-block-image size-large\"><img loading=\"lazy\" decoding=\"async\" width=\"894\" height=\"1024\" data-id=\"132\" src=\"https:\/\/hoof-care-kiel.de\/wp-content\/uploads\/2025\/07\/Good-Smith_13.jpg\" alt=\"\" class=\"wp-image-132\" srcset=\"https:\/\/hoof-care-kiel.de\/wp-content\/uploads\/2025\/07\/Good-Smith_13.jpg 894w, https:\/\/hoof-care-kiel.de\/wp-content\/uploads\/2025\/07\/Good-Smith_13-262x300.jpg 262w, https:\/\/hoof-care-kiel.de\/wp-content\/uploads\/2025\/07\/Good-Smith_13-768x880.jpg 768w\" sizes=\"auto, (max-width: 894px) 100vw, 894px\" \/><\/figure>\n<\/figure>\n\n\n\n<p><\/p>\n\n\n\n<p>Dieser Klebebeschlag besteht komplett aus verschlei\u00dffestem Kunststoffmaterial, ist leicht und flexibel, hat aber trotzdem eine hohe Festigkeit.<\/p>\n\n\n\n<p>Tragezeiten bis 6 Wochen sind kein Problem. Weil die Good Smith Grundplatte vollst\u00e4ndig aus Kunststoff besteht kann diese auch f\u00fcr unsymmetrischen Hufen gut zugerichtet und angebracht werden.<\/p>\n\n\n\n<p>Ein Good Smith Klebebeschlag sch\u00fctz nicht nur vor mechanischen Einwirkungen, er bietet Schutz f\u00fcr den Huf und kann auch dazu beitragen, die Hufgesundheit zu verbessern. Bei Erkrankungen wie Arthrose oder Hufknorpelverkn\u00f6cherung kann er durch seine sto\u00dfd\u00e4mpfende Wirkung eine Linderung f\u00fcr Beschwerden sein. Trotz des Klebebeschlags ist die nat\u00fcrliche Hufbewegung \/ der Hufmechanismus nicht eingeschr\u00e4nkt.<\/p>\n\n\n\n<p><\/p>\n\n\n\n<p><\/p>\n\n\n\n<p>Tempor\u00e4ren Hufschutz bei Bedarf bieten die Hufschuhe von Good Smith.<\/p>\n\n\n\n<figure class=\"wp-block-gallery has-nested-images columns-default is-cropped wp-block-gallery-2 is-layout-flex wp-block-gallery-is-layout-flex\">\n<figure class=\"wp-block-image size-large\"><img loading=\"lazy\" decoding=\"async\" width=\"1024\" height=\"768\" data-id=\"134\" src=\"https:\/\/hoof-care-kiel.de\/wp-content\/uploads\/2025\/07\/Good-Smith_HS_01.jpg\" alt=\"\" class=\"wp-image-134\" srcset=\"https:\/\/hoof-care-kiel.de\/wp-content\/uploads\/2025\/07\/Good-Smith_HS_01.jpg 1024w, https:\/\/hoof-care-kiel.de\/wp-content\/uploads\/2025\/07\/Good-Smith_HS_01-300x225.jpg 300w, https:\/\/hoof-care-kiel.de\/wp-content\/uploads\/2025\/07\/Good-Smith_HS_01-768x576.jpg 768w\" sizes=\"auto, (max-width: 1024px) 100vw, 1024px\" \/><\/figure>\n\n\n\n<figure class=\"wp-block-image size-large\"><img loading=\"lazy\" decoding=\"async\" width=\"1024\" height=\"768\" data-id=\"139\" src=\"https:\/\/hoof-care-kiel.de\/wp-content\/uploads\/2025\/07\/Good-Smith_HS_03.jpg\" alt=\"\" class=\"wp-image-139\" srcset=\"https:\/\/hoof-care-kiel.de\/wp-content\/uploads\/2025\/07\/Good-Smith_HS_03.jpg 1024w, https:\/\/hoof-care-kiel.de\/wp-content\/uploads\/2025\/07\/Good-Smith_HS_03-300x225.jpg 300w, https:\/\/hoof-care-kiel.de\/wp-content\/uploads\/2025\/07\/Good-Smith_HS_03-768x576.jpg 768w\" sizes=\"auto, (max-width: 1024px) 100vw, 1024px\" \/><\/figure>\n\n\n\n<figure class=\"wp-block-image size-large\"><img loading=\"lazy\" decoding=\"async\" width=\"1024\" height=\"768\" data-id=\"138\" src=\"https:\/\/hoof-care-kiel.de\/wp-content\/uploads\/2025\/07\/Good-Smith_HS_05.jpg\" alt=\"\" class=\"wp-image-138\" srcset=\"https:\/\/hoof-care-kiel.de\/wp-content\/uploads\/2025\/07\/Good-Smith_HS_05.jpg 1024w, https:\/\/hoof-care-kiel.de\/wp-content\/uploads\/2025\/07\/Good-Smith_HS_05-300x225.jpg 300w, https:\/\/hoof-care-kiel.de\/wp-content\/uploads\/2025\/07\/Good-Smith_HS_05-768x576.jpg 768w\" sizes=\"auto, (max-width: 1024px) 100vw, 1024px\" \/><\/figure>\n\n\n\n<figure class=\"wp-block-image size-large\"><img loading=\"lazy\" decoding=\"async\" width=\"576\" height=\"1024\" data-id=\"135\" src=\"https:\/\/hoof-care-kiel.de\/wp-content\/uploads\/2025\/07\/Good-Smith_HS_07.jpg\" alt=\"\" class=\"wp-image-135\" srcset=\"https:\/\/hoof-care-kiel.de\/wp-content\/uploads\/2025\/07\/Good-Smith_HS_07.jpg 576w, https:\/\/hoof-care-kiel.de\/wp-content\/uploads\/2025\/07\/Good-Smith_HS_07-169x300.jpg 169w\" sizes=\"auto, (max-width: 576px) 100vw, 576px\" \/><\/figure>\n\n\n\n<figure class=\"wp-block-image size-large\"><img loading=\"lazy\" decoding=\"async\" width=\"576\" height=\"1024\" data-id=\"136\" src=\"https:\/\/hoof-care-kiel.de\/wp-content\/uploads\/2025\/07\/Good-Smith_HS_08.jpg\" alt=\"\" class=\"wp-image-136\" srcset=\"https:\/\/hoof-care-kiel.de\/wp-content\/uploads\/2025\/07\/Good-Smith_HS_08.jpg 576w, https:\/\/hoof-care-kiel.de\/wp-content\/uploads\/2025\/07\/Good-Smith_HS_08-169x300.jpg 169w\" sizes=\"auto, (max-width: 576px) 100vw, 576px\" \/><\/figure>\n\n\n\n<figure class=\"wp-block-image size-large\"><img loading=\"lazy\" decoding=\"async\" width=\"576\" height=\"1024\" data-id=\"137\" src=\"https:\/\/hoof-care-kiel.de\/wp-content\/uploads\/2025\/07\/Good-Smith_HS_09.jpg\" alt=\"\" class=\"wp-image-137\" srcset=\"https:\/\/hoof-care-kiel.de\/wp-content\/uploads\/2025\/07\/Good-Smith_HS_09.jpg 576w, https:\/\/hoof-care-kiel.de\/wp-content\/uploads\/2025\/07\/Good-Smith_HS_09-169x300.jpg 169w\" sizes=\"auto, (max-width: 576px) 100vw, 576px\" \/><\/figure>\n<\/figure>\n\n\n\n<p><strong>Vorteile<\/strong>:<\/p>\n\n\n\n<ul class=\"wp-block-list\">\n<li>Grundplatte kann bei Verschlei\u00df \/ Abnutzung separat erneuert werden<\/li>\n\n\n\n<li>alle Einzelteile gibt es als Ersatz<\/li>\n\n\n\n<li>Grundplatte kann bei ver\u00e4nderter Hufsituation erneuert werden<\/li>\n\n\n\n<li>Ma\u00dfgeschneiderter Hufschuh f\u00fcr alle 4 Hufe<\/li>\n<\/ul>\n\n\n\n<p><strong>Nachteil<\/strong>:<\/p>\n\n\n\n<ul class=\"wp-block-list\">\n<li>Hoher Preis bei Erstanschaffung<\/li>\n\n\n\n<li>Hoher Zeitaufwand f\u00fcr den Hufbearbeiter<\/li>\n<\/ul>\n\n\n\n<p><\/p>\n","protected":false},"excerpt":{"rendered":"<p>Permanenter Hufschutz durch die Anbringung von Goodsmith Klebebeschl\u00e4gen. Aus meiner Erfahrung [ Bericht bei Instagram ], h\u00e4lt eine Goodsmith Grundplatte auch bei starker Beanspruchung 6 bis 7 Wochen. Dieser Klebebeschlag besteht komplett aus verschlei\u00dffestem Kunststoffmaterial, ist leicht und flexibel, hat aber trotzdem eine hohe Festigkeit. Tragezeiten bis 6 Wochen sind kein Problem. Weil die Good [&hellip;]<\/p>\n","protected":false},"author":2,"featured_media":0,"parent":62,"menu_order":0,"comment_status":"closed","ping_status":"closed","template":"","meta":{"footnotes":""},"class_list":["post-127","page","type-page","status-publish","hentry"],"_links":{"self":[{"href":"https:\/\/hoof-care-kiel.de\/index.php?rest_route=\/wp\/v2\/pages\/127","targetHints":{"allow":["GET"]}}],"collection":[{"href":"https:\/\/hoof-care-kiel.de\/index.php?rest_route=\/wp\/v2\/pages"}],"about":[{"href":"https:\/\/hoof-care-kiel.de\/index.php?rest_route=\/wp\/v2\/types\/page"}],"author":[{"embeddable":true,"href":"https:\/\/hoof-care-kiel.de\/index.php?rest_route=\/wp\/v2\/users\/2"}],"replies":[{"embeddable":true,"href":"https:\/\/hoof-care-kiel.de\/index.php?rest_route=%2Fwp%2Fv2%2Fcomments&post=127"}],"version-history":[{"count":4,"href":"https:\/\/hoof-care-kiel.de\/index.php?rest_route=\/wp\/v2\/pages\/127\/revisions"}],"predecessor-version":[{"id":160,"href":"https:\/\/hoof-care-kiel.de\/index.php?rest_route=\/wp\/v2\/pages\/127\/revisions\/160"}],"up":[{"embeddable":true,"href":"https:\/\/hoof-care-kiel.de\/index.php?rest_route=\/wp\/v2\/pages\/62"}],"wp:attachment":[{"href":"https:\/\/hoof-care-kiel.de\/index.php?rest_route=%2Fwp%2Fv2%2Fmedia&parent=127"}],"curies":[{"name":"wp","href":"https:\/\/api.w.org\/{rel}","templated":true}]}}